{"id":3,"date":"2024-06-08T15:39:15","date_gmt":"2024-06-08T15:39:15","guid":{"rendered":"https:\/\/erasify.eu\/?page_id=3"},"modified":"2024-06-12T06:37:11","modified_gmt":"2024-06-12T06:37:11","slug":"privacy-policy","status":"publish","type":"page","link":"https:\/\/erasify.eu\/es\/privacy-policy\/","title":{"rendered":"Pol\u00edtica De Privacidad"},"content":{"rendered":"<div data-elementor-type=\"wp-page\" data-elementor-id=\"3\" class=\"elementor elementor-3\" data-elementor-post-type=\"page\">\n\t\t\t\t<div class=\"elementor-element elementor-element-72c6637b e-flex e-con-boxed e-con e-parent\" data-id=\"72c6637b\" data-element_type=\"container\" data-e-type=\"container\" data-settings=\"{&quot;background_background&quot;:&quot;classic&quot;}\">\n\t\t\t\t\t<div class=\"e-con-inner\">\n\t\t\t\t<div class=\"elementor-element elementor-element-ac6a9e3 elementor-widget elementor-widget-heading\" data-id=\"ac6a9e3\" data-element_type=\"widget\" data-e-type=\"widget\" data-widget_type=\"heading.default\">\n\t\t\t\t<div class=\"elementor-widget-container\">\n\t\t\t\t\t<h2 class=\"elementor-heading-title elementor-size-default\">Pol\u00edtica De Privacidad<\/h2>\t\t\t\t<\/div>\n\t\t\t\t<\/div>\n\t\t\t\t<div class=\"elementor-element elementor-element-54f44d90 elementor-widget elementor-widget-text-editor\" data-id=\"54f44d90\" data-element_type=\"widget\" data-e-type=\"widget\" data-widget_type=\"text-editor.default\">\n\t\t\t\t<div class=\"elementor-widget-container\">\n\t\t\t\t\t\t\t\t\t\n<h2 class=\"wp-block-heading\">Quienes somos<\/h2>\n\n<p>Our website address is: https:\/\/erasify.eu.<\/p>\n\n<h2 class=\"wp-block-heading\">Comentarios<\/h2>\n\n<p>Cuando los visitantes dejar comentarios en el sitio, recopilamos los datos que se muestran en el formulario de comentarios, y tambi\u00e9n la direcci\u00f3n IP del visitante y el navegador de la cadena de agente de usuario para ayudar a la detecci\u00f3n de spam.<\/p>\n\n<p>An anonymized string created from your email address (also called a hash) may be provided to the Gravatar service to see if you are using it. The Gravatar service privacy policy is available here: https:\/\/automattic.com\/privacy\/. After approval of your comment, your profile picture is visible to the public in the context of your comment.<\/p>\n\n<h2 class=\"wp-block-heading\">Los medios de comunicaci\u00f3n<\/h2>\n\n<p>Si usted subir im\u00e1genes a la web, usted debe evitar subir im\u00e1genes con la inserci\u00f3n de la ubicaci\u00f3n de los datos EXIF (GPS) incluido. Los visitantes del sitio web pueden descargar y extraer los datos de ubicaci\u00f3n de las im\u00e1genes en el sitio web.<\/p>\n\n<h2 class=\"wp-block-heading\">Las Cookies<\/h2>\n\n<p>Si dejas un comentario en nuestro sitio usted puede optar por guardar su nombre, direcci\u00f3n de correo electr\u00f3nico y sitio web las cookies. Estos son para su comodidad, para que usted no tiene que rellenar sus datos de nuevo al dejar otro comentario. Estas cookies tendr\u00e1 una duraci\u00f3n de un a\u00f1o.<\/p>\n\n<p>Si usted visita nuestra p\u00e1gina de inicio de sesi\u00f3n, vamos a establecer una cookie temporal para determinar si su navegador acepta cookies. Esta cookie no contiene datos personales y se eliminan al cerrar el navegador.<\/p>\n\n<p>Al iniciar la sesi\u00f3n, tambi\u00e9n podremos configurar varias cookies para guardar su informaci\u00f3n de inicio de sesi\u00f3n y la visualizaci\u00f3n de la pantalla de opciones. Inicio de sesi\u00f3n las cookies tienen una duraci\u00f3n de dos d\u00edas, y la pantalla de opciones de cookies duran un a\u00f1o. Si selecciona la opci\u00f3n &#034;remember Me&#034;, su inicio de sesi\u00f3n durar\u00e1 dos semanas. Si la sesi\u00f3n de su cuenta, el inicio de sesi\u00f3n cookies ser\u00e1 eliminado.<\/p>\n\n<p>Si desea editar o publicar un art\u00edculo, una cookie adicional ser\u00e1 guardada en su navegador. Esta cookie no contiene datos de car\u00e1cter personal y simplemente indica el ID del post de el art\u00edculo que acaba de editar. Expira despu\u00e9s de 1 d\u00eda.<\/p>\n\n<h2 class=\"wp-block-heading\">Incrustado contenido de otros sitios web<\/h2>\n\n<p>Los art\u00edculos en este sitio web puede incluir contenido incrustado (por ejemplo, v\u00eddeos, im\u00e1genes, art\u00edculos, etc.). Incrustado contenido de otros sitios web se comporta exactamente de la misma manera como si el usuario ha visitado el sitio web.<\/p>\n\n<p>Estos sitios web pueden recopilar informaci\u00f3n acerca de usted, el uso de las cookies, incrustar adicionales de seguimiento de terceros, y supervisar su interacci\u00f3n con contenido incrustado, incluyendo el seguimiento de su interacci\u00f3n con el contenido embebido si usted tiene una cuenta y se registran en este sitio web.<\/p>\n\n<h2 class=\"wp-block-heading\">Que compartimos sus datos con<\/h2>\n\n<p>Si usted solicita un restablecimiento de contrase\u00f1a, tu direcci\u00f3n IP ser\u00e1 incluido en el correo electr\u00f3nico de restablecimiento.<\/p>\n\n<h2 class=\"wp-block-heading\">\u00bfCu\u00e1nto tiempo podemos conservar sus datos<\/h2>\n\n<p>Si dejas un comentario, el comentario y sus metadatos se conservan indefinidamente. De esta manera, podremos reconocer y aprobar cualquier seguimiento de los comentarios autom\u00e1ticamente en lugar de mantenerlos en una cola de moderaci\u00f3n.<\/p>\n\n<p>Para los usuarios que se registren en nuestro sitio web (si lo hubiere), tambi\u00e9n almacenamos la informaci\u00f3n personal que proporcione en su perfil de usuario. Todos los usuarios pueden ver, editar o eliminar su informaci\u00f3n personal en cualquier momento (con la excepci\u00f3n de que no puede cambiar su nombre de usuario). Los administradores del sitio web tambi\u00e9n puede ver y editar la informaci\u00f3n.<\/p>\n\n<h2 class=\"wp-block-heading\">Qu\u00e9 derechos tiene sobre sus datos<\/h2>\n\n<p>Si usted tiene una cuenta en este sitio, o han dejado comentarios, usted puede solicitar para recibir un archivo exportado de los datos personales que tenemos sobre usted, incluyendo cualquier dato que usted nos ha proporcionado. Usted tambi\u00e9n puede solicitar que nos borrar cualquier dato personal que tenemos sobre usted. Esto no incluye todos los datos que est\u00e1n obligados a mantener administrativos, legales, o con fines de seguridad.<\/p>\n\n<h2 class=\"wp-block-heading\">Donde sus datos se env\u00edan<\/h2>\n\n<p>Comentarios de los visitantes puede ser verificada a trav\u00e9s de un sistema automatizado de detecci\u00f3n de spam de servicio.<\/p>\n\n<p>\u00a0<\/p>\t\t\t\t\t\t\t\t<\/div>\n\t\t\t\t<\/div>\n\t\t\t\t\t<\/div>\n\t\t\t\t<\/div>\n\t\t\t\t<\/div>","protected":false},"excerpt":{"rendered":"<p>Privacy Policy Who we are Our website address is: https:\/\/erasify.eu. Comments When visitors leave comments on the site we collect the data shown in the comments form, and also the visitor\u2019s IP address and browser user agent string to help spam detection. An anonymized string created from your email address (also called a hash) may [&hellip;]<\/p>\n","protected":false},"author":1,"featured_media":0,"parent":0,"menu_order":0,"comment_status":"closed","ping_status":"open","template":"","meta":{"footnotes":""},"class_list":["post-3","page","type-page","status-publish","hentry"],"yoast_head":"<!-- This site is optimized with the Yoast SEO plugin v23.5 - https:\/\/yoast.com\/wordpress\/plugins\/seo\/ -->\n<title>Privacy Policy - Erasify<\/title>\n<meta name=\"robots\" content=\"index, follow, max-snippet:-1, max-image-preview:large, max-video-preview:-1\" \/>\n<link rel=\"canonical\" href=\"https:\/\/erasify.eu\/es\/privacy-policy\/\" \/>\n<meta property=\"og:locale\" content=\"es_ES\" \/>\n<meta property=\"og:type\" content=\"article\" \/>\n<meta property=\"og:title\" content=\"Privacy Policy - Erasify\" \/>\n<meta property=\"og:description\" content=\"Privacy Policy Who we are Our website address is: https:\/\/erasify.eu. Comments When visitors leave comments on the site we collect the data shown in the comments form, and also the visitor\u2019s IP address and browser user agent string to help spam detection. An anonymized string created from your email address (also called a hash) may [&hellip;]\" \/>\n<meta property=\"og:url\" content=\"https:\/\/erasify.eu\/es\/privacy-policy\/\" \/>\n<meta property=\"og:site_name\" content=\"Erasify\" \/>\n<meta property=\"article:modified_time\" content=\"2024-06-12T06:37:11+00:00\" \/>\n<meta name=\"twitter:card\" content=\"summary_large_image\" \/>\n<meta name=\"twitter:label1\" content=\"Tiempo de lectura\" \/>\n\t<meta name=\"twitter:data1\" content=\"3 minutos\" \/>\n<script type=\"application\/ld+json\" class=\"yoast-schema-graph\">{\"@context\":\"https:\/\/schema.org\",\"@graph\":[{\"@type\":\"WebPage\",\"@id\":\"https:\/\/erasify.eu\/privacy-policy\/\",\"url\":\"https:\/\/erasify.eu\/privacy-policy\/\",\"name\":\"Privacy Policy - Erasify\",\"isPartOf\":{\"@id\":\"https:\/\/erasify.eu\/#website\"},\"datePublished\":\"2024-06-08T15:39:15+00:00\",\"dateModified\":\"2024-06-12T06:37:11+00:00\",\"breadcrumb\":{\"@id\":\"https:\/\/erasify.eu\/privacy-policy\/#breadcrumb\"},\"inLanguage\":\"es\",\"potentialAction\":[{\"@type\":\"ReadAction\",\"target\":[\"https:\/\/erasify.eu\/privacy-policy\/\"]}]},{\"@type\":\"BreadcrumbList\",\"@id\":\"https:\/\/erasify.eu\/privacy-policy\/#breadcrumb\",\"itemListElement\":[{\"@type\":\"ListItem\",\"position\":1,\"name\":\"Home\",\"item\":\"https:\/\/erasify.eu\/\"},{\"@type\":\"ListItem\",\"position\":2,\"name\":\"Privacy Policy\"}]},{\"@type\":\"WebSite\",\"@id\":\"https:\/\/erasify.eu\/#website\",\"url\":\"https:\/\/erasify.eu\/\",\"name\":\"Erasify\",\"description\":\"Your Trusted Removal Partner\",\"potentialAction\":[{\"@type\":\"SearchAction\",\"target\":{\"@type\":\"EntryPoint\",\"urlTemplate\":\"https:\/\/erasify.eu\/?s={search_term_string}\"},\"query-input\":{\"@type\":\"PropertyValueSpecification\",\"valueRequired\":true,\"valueName\":\"search_term_string\"}}],\"inLanguage\":\"es\"}]}<\/script>\n<!-- \/ Yoast SEO plugin. -->","yoast_head_json":{"title":"Privacy Policy - Erasify","robots":{"index":"index","follow":"follow","max-snippet":"max-snippet:-1","max-image-preview":"max-image-preview:large","max-video-preview":"max-video-preview:-1"},"canonical":"https:\/\/erasify.eu\/es\/privacy-policy\/","og_locale":"es_ES","og_type":"article","og_title":"Privacy Policy - Erasify","og_description":"Privacy Policy Who we are Our website address is: https:\/\/erasify.eu. Comments When visitors leave comments on the site we collect the data shown in the comments form, and also the visitor\u2019s IP address and browser user agent string to help spam detection. An anonymized string created from your email address (also called a hash) may [&hellip;]","og_url":"https:\/\/erasify.eu\/es\/privacy-policy\/","og_site_name":"Erasify","article_modified_time":"2024-06-12T06:37:11+00:00","twitter_card":"summary_large_image","twitter_misc":{"Tiempo de lectura":"3 minutos"},"schema":{"@context":"https:\/\/schema.org","@graph":[{"@type":"WebPage","@id":"https:\/\/erasify.eu\/privacy-policy\/","url":"https:\/\/erasify.eu\/privacy-policy\/","name":"Privacy Policy - Erasify","isPartOf":{"@id":"https:\/\/erasify.eu\/#website"},"datePublished":"2024-06-08T15:39:15+00:00","dateModified":"2024-06-12T06:37:11+00:00","breadcrumb":{"@id":"https:\/\/erasify.eu\/privacy-policy\/#breadcrumb"},"inLanguage":"es","potentialAction":[{"@type":"ReadAction","target":["https:\/\/erasify.eu\/privacy-policy\/"]}]},{"@type":"BreadcrumbList","@id":"https:\/\/erasify.eu\/privacy-policy\/#breadcrumb","itemListElement":[{"@type":"ListItem","position":1,"name":"Home","item":"https:\/\/erasify.eu\/"},{"@type":"ListItem","position":2,"name":"Privacy Policy"}]},{"@type":"WebSite","@id":"https:\/\/erasify.eu\/#website","url":"https:\/\/erasify.eu\/","name":"Erasify","description":"Your Trusted Removal Partner","potentialAction":[{"@type":"SearchAction","target":{"@type":"EntryPoint","urlTemplate":"https:\/\/erasify.eu\/?s={search_term_string}"},"query-input":{"@type":"PropertyValueSpecification","valueRequired":true,"valueName":"search_term_string"}}],"inLanguage":"es"}]}},"_links":{"self":[{"href":"https:\/\/erasify.eu\/es\/wp-json\/wp\/v2\/pages\/3","targetHints":{"allow":["GET"]}}],"collection":[{"href":"https:\/\/erasify.eu\/es\/wp-json\/wp\/v2\/pages"}],"about":[{"href":"https:\/\/erasify.eu\/es\/wp-json\/wp\/v2\/types\/page"}],"author":[{"embeddable":true,"href":"https:\/\/erasify.eu\/es\/wp-json\/wp\/v2\/users\/1"}],"replies":[{"embeddable":true,"href":"https:\/\/erasify.eu\/es\/wp-json\/wp\/v2\/comments?post=3"}],"version-history":[{"count":12,"href":"https:\/\/erasify.eu\/es\/wp-json\/wp\/v2\/pages\/3\/revisions"}],"predecessor-version":[{"id":414,"href":"https:\/\/erasify.eu\/es\/wp-json\/wp\/v2\/pages\/3\/revisions\/414"}],"wp:attachment":[{"href":"https:\/\/erasify.eu\/es\/wp-json\/wp\/v2\/media?parent=3"}],"curies":[{"name":"wp","href":"https:\/\/api.w.org\/{rel}","templated":true}]}}