{"id":3,"date":"2024-06-08T15:39:15","date_gmt":"2024-06-08T15:39:15","guid":{"rendered":"https:\/\/erasify.eu\/?page_id=3"},"modified":"2024-06-12T06:37:11","modified_gmt":"2024-06-12T06:37:11","slug":"privacy-policy","status":"publish","type":"page","link":"https:\/\/erasify.eu\/no\/privacy-policy\/","title":{"rendered":"Personvern"},"content":{"rendered":"<div data-elementor-type=\"wp-page\" data-elementor-id=\"3\" class=\"elementor elementor-3\" data-elementor-post-type=\"page\">\n\t\t\t\t<div class=\"elementor-element elementor-element-72c6637b e-flex e-con-boxed e-con e-parent\" data-id=\"72c6637b\" data-element_type=\"container\" data-e-type=\"container\" data-settings=\"{&quot;background_background&quot;:&quot;classic&quot;}\">\n\t\t\t\t\t<div class=\"e-con-inner\">\n\t\t\t\t<div class=\"elementor-element elementor-element-ac6a9e3 elementor-widget elementor-widget-heading\" data-id=\"ac6a9e3\" data-element_type=\"widget\" data-e-type=\"widget\" data-widget_type=\"heading.default\">\n\t\t\t\t<div class=\"elementor-widget-container\">\n\t\t\t\t\t<h2 class=\"elementor-heading-title elementor-size-default\">Personvern<\/h2>\t\t\t\t<\/div>\n\t\t\t\t<\/div>\n\t\t\t\t<div class=\"elementor-element elementor-element-54f44d90 elementor-widget elementor-widget-text-editor\" data-id=\"54f44d90\" data-element_type=\"widget\" data-e-type=\"widget\" data-widget_type=\"text-editor.default\">\n\t\t\t\t<div class=\"elementor-widget-container\">\n\t\t\t\t\t\t\t\t\t\n<h2 class=\"wp-block-heading\">Hvem vi er<\/h2>\n\n<p>Our website address is: https:\/\/erasify.eu.<\/p>\n\n<h2 class=\"wp-block-heading\">Kommentarer<\/h2>\n\n<p>N\u00e5r bes\u00f8kende legge inn kommentarer p\u00e5 nettstedet vi samler inn de data som vises i kommentarene form, og ogs\u00e5 den bes\u00f8kendes IP-adresse og nettleseren bruker agent string \u00e5 hjelpe spam deteksjon.<\/p>\n\n<p>An anonymized string created from your email address (also called a hash) may be provided to the Gravatar service to see if you are using it. The Gravatar service privacy policy is available here: https:\/\/automattic.com\/privacy\/. After approval of your comment, your profile picture is visible to the public in the context of your comment.<\/p>\n\n<h2 class=\"wp-block-heading\">Media<\/h2>\n\n<p>Hvis du laster opp bildene p\u00e5 nettstedet, b\u00f8r du unng\u00e5 \u00e5 laste opp bilder med innebygde beliggenhet data (EXIF GPS) er inkludert. Bes\u00f8kende til nettstedet, kan du last ned og pakk ut alle beliggenhet data fra bilder p\u00e5 nettstedet.<\/p>\n\n<h2 class=\"wp-block-heading\">Cookies<\/h2>\n\n<p>Hvis du legger igjen en kommentar p\u00e5 v\u00e5r side kan du velge \u00e5 lagre navn, e-postadresse og nettsted i informasjonskapsler. Disse er for din skyld slik at du ikke trenger \u00e5 fylle inn dine detaljer igjen n\u00e5r du forlater en annen kommentar. Disse informasjonskapslene vil vare i ett \u00e5r.<\/p>\n\n<p>Hvis du bes\u00f8ker v\u00e5r login-side, vi setter en midlertidig informasjonskapsel til \u00e5 finne ut hvis nettleseren ikke aksepterer cookies. Denne informasjonskapselen inneholder ikke noe personlig informasjon og blir forkastet n\u00e5r du lukker nettleseren din.<\/p>\n\n<p>N\u00e5r du logger deg p\u00e5, vil vi ogs\u00e5 sette opp flere informasjonskapsler til \u00e5 lagre p\u00e5loggingsinformasjonen din og din skjerm valg. Logg cookies vare i to dager, og skjermen for valg cookies for et \u00e5r. Hvis du velger &#034;Husk Meg&#034;, din innlogging vil vare i to uker. Hvis du logger deg ut av din konto, logg informasjonskapsler vil bli fjernet.<\/p>\n\n<p>Hvis du vil redigere eller publisere en artikkel, en ekstra informasjonskapsel blir lagret i din nettleser. Denne informasjonskapselen inneholder ingen personlige data og bare viser post-ID i artikkelen du bare redigeres. Den utl\u00f8per etter 1 dag.<\/p>\n\n<h2 class=\"wp-block-heading\">Innebygd innhold fra andre nettsteder<\/h2>\n\n<p>Artikler p\u00e5 dette nettstedet kan inneholde innebygd innhold (f.eks. videoer, bilder, artikler, etc.). Innebygd innhold fra andre nettsteder oppf\u00f8rer seg p\u00e5 n\u00f8yaktig samme m\u00e5te som om den bes\u00f8kende har bes\u00f8kt andre nettsted.<\/p>\n\n<p>Disse nettstedene kan samle inn data om deg, bruker informasjonskapsler, legge inn flere tredjeparts spore og overv\u00e5ke din kommunikasjon med den innebygde innhold, inkludert sporing din interaksjon med innebygd innhold hvis du har en konto og er logget inn p\u00e5 det aktuelle nettstedet.<\/p>\n\n<h2 class=\"wp-block-heading\">Som vi dele dine data med<\/h2>\n\n<p>Hvis du be om et nytt passord, din IP-adresse vil bli inkludert i tilbakestille e-post.<\/p>\n\n<h2 class=\"wp-block-heading\">Hvor lenge kan vi beholde dine data<\/h2>\n\n<p>Hvis du legger igjen en kommentar, kommentar og dets metadata som er opptjent p\u00e5 ubestemt tid. Dette er s\u00e5 vi kan gjenkjenne og godkjenne eventuelle oppf\u00f8lgende kommentarer automatisk i stedet for \u00e5 holde dem i moderasjon k\u00f8en.<\/p>\n\n<p>For brukere som registrerer seg p\u00e5 v\u00e5r nettside (hvis noen), har vi ogs\u00e5 lagre personlig informasjon som de gir i brukerprofilen. Alle brukere kan se, redigere eller slette den personlige informasjonen n\u00e5r som helst (bortsett fra at de ikke kan endre sitt brukernavn). Nettstedet administratorer kan ogs\u00e5 se og redigere informasjon.<\/p>\n\n<h2 class=\"wp-block-heading\">Hvilke rettigheter har du over dine data<\/h2>\n\n<p>Hvis du har en konto p\u00e5 dette nettstedet, eller har forlatt kommentarer, kan du be om \u00e5 f\u00e5 en eksporterte filen av personlige opplysninger vi har om deg, inkludert alle data du har oppgitt til oss. Du kan ogs\u00e5 be om at vi vil slette alle personopplysninger vi har om deg. Dette inkluderer ikke eventuelle data som vi er forpliktet til \u00e5 holde for administrative, juridiske og sikkerhetsmessige \u00e5rsaker.<\/p>\n\n<h2 class=\"wp-block-heading\">Hvor dataene er sendt<\/h2>\n\n<p>Bes\u00f8kende kommentarer kan bli kontrollert gjennom en automatisert spam deteksjon service.<\/p>\n\n<p>\u00a0<\/p>\t\t\t\t\t\t\t\t<\/div>\n\t\t\t\t<\/div>\n\t\t\t\t\t<\/div>\n\t\t\t\t<\/div>\n\t\t\t\t<\/div>","protected":false},"excerpt":{"rendered":"<p>Privacy Policy Who we are Our website address is: https:\/\/erasify.eu. Comments When visitors leave comments on the site we collect the data shown in the comments form, and also the visitor\u2019s IP address and browser user agent string to help spam detection. An anonymized string created from your email address (also called a hash) may [&hellip;]<\/p>\n","protected":false},"author":1,"featured_media":0,"parent":0,"menu_order":0,"comment_status":"closed","ping_status":"open","template":"","meta":{"footnotes":""},"class_list":["post-3","page","type-page","status-publish","hentry"],"yoast_head":"<!-- This site is optimized with the Yoast SEO plugin v23.5 - https:\/\/yoast.com\/wordpress\/plugins\/seo\/ -->\n<title>Privacy Policy - Erasify<\/title>\n<meta name=\"robots\" content=\"index, follow, max-snippet:-1, max-image-preview:large, max-video-preview:-1\" \/>\n<link rel=\"canonical\" href=\"https:\/\/erasify.eu\/no\/privacy-policy\/\" \/>\n<meta property=\"og:locale\" content=\"nb_NO\" \/>\n<meta property=\"og:type\" content=\"article\" \/>\n<meta property=\"og:title\" content=\"Privacy Policy - Erasify\" \/>\n<meta property=\"og:description\" content=\"Privacy Policy Who we are Our website address is: https:\/\/erasify.eu. Comments When visitors leave comments on the site we collect the data shown in the comments form, and also the visitor\u2019s IP address and browser user agent string to help spam detection. An anonymized string created from your email address (also called a hash) may [&hellip;]\" \/>\n<meta property=\"og:url\" content=\"https:\/\/erasify.eu\/no\/privacy-policy\/\" \/>\n<meta property=\"og:site_name\" content=\"Erasify\" \/>\n<meta property=\"article:modified_time\" content=\"2024-06-12T06:37:11+00:00\" \/>\n<meta name=\"twitter:card\" content=\"summary_large_image\" \/>\n<meta name=\"twitter:label1\" content=\"Ansl. lesetid\" \/>\n\t<meta name=\"twitter:data1\" content=\"3 minutter\" \/>\n<script type=\"application\/ld+json\" class=\"yoast-schema-graph\">{\"@context\":\"https:\/\/schema.org\",\"@graph\":[{\"@type\":\"WebPage\",\"@id\":\"https:\/\/erasify.eu\/privacy-policy\/\",\"url\":\"https:\/\/erasify.eu\/privacy-policy\/\",\"name\":\"Privacy Policy - Erasify\",\"isPartOf\":{\"@id\":\"https:\/\/erasify.eu\/#website\"},\"datePublished\":\"2024-06-08T15:39:15+00:00\",\"dateModified\":\"2024-06-12T06:37:11+00:00\",\"breadcrumb\":{\"@id\":\"https:\/\/erasify.eu\/privacy-policy\/#breadcrumb\"},\"inLanguage\":\"nb-NO\",\"potentialAction\":[{\"@type\":\"ReadAction\",\"target\":[\"https:\/\/erasify.eu\/privacy-policy\/\"]}]},{\"@type\":\"BreadcrumbList\",\"@id\":\"https:\/\/erasify.eu\/privacy-policy\/#breadcrumb\",\"itemListElement\":[{\"@type\":\"ListItem\",\"position\":1,\"name\":\"Home\",\"item\":\"https:\/\/erasify.eu\/\"},{\"@type\":\"ListItem\",\"position\":2,\"name\":\"Privacy Policy\"}]},{\"@type\":\"WebSite\",\"@id\":\"https:\/\/erasify.eu\/#website\",\"url\":\"https:\/\/erasify.eu\/\",\"name\":\"Erasify\",\"description\":\"Your Trusted Removal Partner\",\"potentialAction\":[{\"@type\":\"SearchAction\",\"target\":{\"@type\":\"EntryPoint\",\"urlTemplate\":\"https:\/\/erasify.eu\/?s={search_term_string}\"},\"query-input\":{\"@type\":\"PropertyValueSpecification\",\"valueRequired\":true,\"valueName\":\"search_term_string\"}}],\"inLanguage\":\"nb-NO\"}]}<\/script>\n<!-- \/ Yoast SEO plugin. -->","yoast_head_json":{"title":"Privacy Policy - Erasify","robots":{"index":"index","follow":"follow","max-snippet":"max-snippet:-1","max-image-preview":"max-image-preview:large","max-video-preview":"max-video-preview:-1"},"canonical":"https:\/\/erasify.eu\/no\/privacy-policy\/","og_locale":"nb_NO","og_type":"article","og_title":"Privacy Policy - Erasify","og_description":"Privacy Policy Who we are Our website address is: https:\/\/erasify.eu. Comments When visitors leave comments on the site we collect the data shown in the comments form, and also the visitor\u2019s IP address and browser user agent string to help spam detection. An anonymized string created from your email address (also called a hash) may [&hellip;]","og_url":"https:\/\/erasify.eu\/no\/privacy-policy\/","og_site_name":"Erasify","article_modified_time":"2024-06-12T06:37:11+00:00","twitter_card":"summary_large_image","twitter_misc":{"Ansl. lesetid":"3 minutter"},"schema":{"@context":"https:\/\/schema.org","@graph":[{"@type":"WebPage","@id":"https:\/\/erasify.eu\/privacy-policy\/","url":"https:\/\/erasify.eu\/privacy-policy\/","name":"Privacy Policy - Erasify","isPartOf":{"@id":"https:\/\/erasify.eu\/#website"},"datePublished":"2024-06-08T15:39:15+00:00","dateModified":"2024-06-12T06:37:11+00:00","breadcrumb":{"@id":"https:\/\/erasify.eu\/privacy-policy\/#breadcrumb"},"inLanguage":"nb-NO","potentialAction":[{"@type":"ReadAction","target":["https:\/\/erasify.eu\/privacy-policy\/"]}]},{"@type":"BreadcrumbList","@id":"https:\/\/erasify.eu\/privacy-policy\/#breadcrumb","itemListElement":[{"@type":"ListItem","position":1,"name":"Home","item":"https:\/\/erasify.eu\/"},{"@type":"ListItem","position":2,"name":"Privacy Policy"}]},{"@type":"WebSite","@id":"https:\/\/erasify.eu\/#website","url":"https:\/\/erasify.eu\/","name":"Erasify","description":"Your Trusted Removal Partner","potentialAction":[{"@type":"SearchAction","target":{"@type":"EntryPoint","urlTemplate":"https:\/\/erasify.eu\/?s={search_term_string}"},"query-input":{"@type":"PropertyValueSpecification","valueRequired":true,"valueName":"search_term_string"}}],"inLanguage":"nb-NO"}]}},"_links":{"self":[{"href":"https:\/\/erasify.eu\/no\/wp-json\/wp\/v2\/pages\/3","targetHints":{"allow":["GET"]}}],"collection":[{"href":"https:\/\/erasify.eu\/no\/wp-json\/wp\/v2\/pages"}],"about":[{"href":"https:\/\/erasify.eu\/no\/wp-json\/wp\/v2\/types\/page"}],"author":[{"embeddable":true,"href":"https:\/\/erasify.eu\/no\/wp-json\/wp\/v2\/users\/1"}],"replies":[{"embeddable":true,"href":"https:\/\/erasify.eu\/no\/wp-json\/wp\/v2\/comments?post=3"}],"version-history":[{"count":12,"href":"https:\/\/erasify.eu\/no\/wp-json\/wp\/v2\/pages\/3\/revisions"}],"predecessor-version":[{"id":414,"href":"https:\/\/erasify.eu\/no\/wp-json\/wp\/v2\/pages\/3\/revisions\/414"}],"wp:attachment":[{"href":"https:\/\/erasify.eu\/no\/wp-json\/wp\/v2\/media?parent=3"}],"curies":[{"name":"wp","href":"https:\/\/api.w.org\/{rel}","templated":true}]}}